{"id":355,"date":"2021-03-09T07:56:19","date_gmt":"2021-03-09T06:56:19","guid":{"rendered":"http:\/\/www.arabic-philosophy.com\/?page_id=355"},"modified":"2024-05-28T14:55:37","modified_gmt":"2024-05-28T12:55:37","slug":"programme","status":"publish","type":"page","link":"http:\/\/www.arabic-philosophy.com\/index.php\/asg-past\/asg-ii\/programme\/","title":{"rendered":"ASG II: Programme (12\u201313 September 2002)"},"content":{"rendered":"\n<div class=\"wp-block-columns is-layout-flex wp-container-core-columns-is-layout-9d6595d7 wp-block-columns-is-layout-flex\">\n<div class=\"wp-block-column is-layout-flow wp-block-column-is-layout-flow\" style=\"flex-basis:66%\">\n<h2 class=\"wp-block-heading\">Thursday, 12 September 2002<\/h2>\n\n\n\n<p><span style=\"text-decoration: underline;\"><strong>Avicenna and the Classical Tradition (Part I)<\/strong><\/span><br><em>08.30\u201310.30am<\/em><br><strong>Amos Bertolacci (Yale University):<\/strong> \u201cThe Reception of Book B (<em>Beta<\/em>) of Aristotle\u2019s Metaphysics in the <em>Il\u0101hiyyat<\/em> of Avicenna\u2019s <em>Kit\u0101b al-Shif\u0101\u02be <\/em>\u201d<br><strong>Carl Ehrig-Eggert (<strong>Goethe University Frankfurt<\/strong>):<\/strong> \u201cHow Avicenna Read Plato\u2019s Laws\u201d<br><strong>Dimitri Gutas <strong>(Yale University)<\/strong>:<\/strong> Discussant<\/p>\n\n\n\n<p><span style=\"text-decoration: underline;\"><strong>Avicenna and the Classical Tradition (Part II)<\/strong><\/span><br><em>11am\u20131pm<\/em><br><strong>Peter Adamson (King\u2019s College, London):<\/strong> \u201cAvicenna on Neoplatonism: His Commentary on the Theology of Aristoteles\u201d<br><strong>Robert E. Hall (Queens University of Belfast):<\/strong> \u201cIntellect, Soul, and Body in Ibn S\u012bn\u0101: The Problematics of his Synthesis\u201d<br><strong><strong>Dimitri Gutas (Yale University)<\/strong><\/strong>: Discussant<\/p>\n\n\n\n<p><strong><span style=\"text-decoration: underline;\">Avicenna on Natural Philosophy and Exact Sciences<\/span><\/strong><br><em>2pm\u20134pm<\/em><br><strong>Catarina Belo (<strong>Oxford<\/strong><\/strong> <strong>University):<\/strong> \u201cChance and Determinism in Ibn S\u012bn\u0101: <em>Physics<\/em> I of the <em>Shif\u0101\u02be <\/em>\u201d<br><strong>Jon McGinnis (<strong>University of Missouri \u2013 St. Louis<\/strong>):<\/strong> \u201c<em>cat\u00eagoriai kai kin\u00easis<\/em>: Ibn S\u012bn\u0101 on the Categories in Which Motion Occurs\u201d<br><strong>Irina Luther (Russian Academy of Sciences, Moscow):<\/strong> \u201cThe Conception of Angle in the Works of Ibn S\u012bn\u0101 and al-Sh\u012br\u0101z\u012b\u201d<br><strong>G\u00fcl A. Russel (Texas A&amp;M University):<\/strong> Discussant<\/p>\n\n\n\n<h2 class=\"wp-block-heading\">Friday, 13 September 2002<\/h2>\n\n\n\n<p><strong><span style=\"text-decoration: underline;\">Avicenna on Metaphysics and Theology<\/span><\/strong><br><em>11am\u201301pm<\/em><br><strong>Omer Mahir Alper (Istanbul University):<\/strong> \u201cAvicenna\u2019s Argument for the Existence of God: Was He Really Influenced by the <em>mutakallim\u016bn<\/em>?\u201d<br><strong>Olga Lucia Lizzini (Rome):<\/strong> \u201cMatter and Form in Avicenna\u2019s Metaphysics and the Concept of <em>fay\u1e0d<\/em>\u201d<br><strong>Rahim Acar (Harvard University):<\/strong> \u201cReconsidering Avicenna\u2019s Position on God\u2019s Knowledge of Particulars\u201d<br><strong>Yahya Michot (Oxford Centre for Islamic Studies):<\/strong> Discussant<\/p>\n\n\n\n<p><strong><span style=\"text-decoration: underline;\">The Heritage of Avicenna<\/span><\/strong><br><em>02pm\u201304pm<\/em><br><strong>David Reisman (University of Illinois):<\/strong> \u201cThe Philosopher and the Mystic: A Study in the Pseudo-Avicenna Corpus\u201d<br><strong>M. Afifi al-Akiti (Oxford University):<\/strong> \u201cThe \u2018Three Properties\u2019 of Prophethood in Certain Works of Avicenna and al-Ghaz\u0101l\u012b\u201d<br><strong>Gabriel Lahood (College of the Bahamas):<\/strong> \u201cal-Ghaz\u0101l\u012b and Averroes on Avicenna\u2018s Theory of Action\u201d<br><strong>Roxanne Marcotte (University of Queensland):<\/strong> \u201cResurrection in the <em>\u1e24ay\u0101t al-Nuf\u016bs<\/em> of Ism\u0101\u02bf\u012bl Muhammad Ibn R\u012bz\u012b\u201d<br><strong>Jules Janssen (KU Leuven):<\/strong> Discussant<\/p>\n<\/div>\n\n\n\n<div class=\"wp-block-column is-layout-flow wp-block-column-is-layout-flow\" style=\"flex-basis:33%\"><form role=\"search\" method=\"get\" action=\"http:\/\/www.arabic-philosophy.com\/\" class=\"wp-block-search__button-outside wp-block-search__text-button wp-block-search\"    ><label class=\"wp-block-search__label screen-reader-text\" for=\"wp-block-search__input-1\" >Search<\/label><div class=\"wp-block-search__inside-wrapper\" ><input class=\"wp-block-search__input\" id=\"wp-block-search__input-1\" placeholder=\"\" value=\"\" type=\"search\" name=\"s\" required \/><button aria-label=\"Search\" class=\"wp-block-search__button wp-element-button\" type=\"submit\" >Search<\/button><\/div><\/form>\n\n\n<p><a href=\"http:\/\/www.arabic-philosophy.com\/index.php\/asg-past\/asg-i\/\">ASG I (2001)<\/a> | <a href=\"http:\/\/www.arabic-philosophy.com\/index.php\/asg-past\/asg-i\/programme\/\">Programme<\/a> | <a href=\"http:\/\/www.arabic-philosophy.com\/index.php\/asg-past\/asg-i-proceedings\/\">Proceedings<\/a><\/p>\n\n\n\n<p><a href=\"http:\/\/www.arabic-philosophy.com\/index.php\/asg-past\/asg-ii\/\">ASG II (2002)<\/a> | <a href=\"http:\/\/www.arabic-philosophy.com\/index.php\/asg-past\/asg-ii\/programme\/\">Programme<\/a> | <a href=\"http:\/\/www.arabic-philosophy.com\/index.php\/asg-past\/asg-ii-proceedings\/\">Proceedings<\/a><\/p>\n\n\n\n<p><a href=\"http:\/\/www.arabic-philosophy.com\/index.php\/asg-past\/asg-iii\/\">ASG III (2021)<\/a> | <a href=\"http:\/\/www.arabic-philosophy.com\/index.php\/asg-past\/asg-iii\/programme\/\">Programme<\/a> | <a href=\"http:\/\/www.arabic-philosophy.com\/index.php\/asg-past\/asg-iii-proceedings\/\">Proceedings<\/a><\/p>\n\n\n\n<p><a href=\"http:\/\/www.arabic-philosophy.com\/index.php\/asg-past\/asg-iv\/\">ASG IV (2023)<\/a> | <a href=\"http:\/\/www.arabic-philosophy.com\/index.php\/asg-past\/asg-iv\/programme\/\">Programme<\/a> | Proceedings<\/p>\n<\/div>\n<\/div>\n","protected":false},"excerpt":{"rendered":"<p>Thursday, 12 September 2002 Avicenna and the Classical Tradition (Part I)08.30\u201310.30amAmos Bertolacci (Yale University): \u201cThe Reception of Book B (Beta) of Aristotle\u2019s Metaphysics in the Il\u0101hiyyat of Avicenna\u2019s Kit\u0101b al-Shif\u0101\u02be&#8230;<\/p>\n","protected":false},"author":1,"featured_media":0,"parent":353,"menu_order":0,"comment_status":"closed","ping_status":"closed","template":"templates\/full-width.php","meta":{"footnotes":""},"class_list":["post-355","page","type-page","status-publish","hentry","entry"],"_links":{"self":[{"href":"http:\/\/www.arabic-philosophy.com\/index.php\/wp-json\/wp\/v2\/pages\/355","targetHints":{"allow":["GET"]}}],"collection":[{"href":"http:\/\/www.arabic-philosophy.com\/index.php\/wp-json\/wp\/v2\/pages"}],"about":[{"href":"http:\/\/www.arabic-philosophy.com\/index.php\/wp-json\/wp\/v2\/types\/page"}],"author":[{"embeddable":true,"href":"http:\/\/www.arabic-philosophy.com\/index.php\/wp-json\/wp\/v2\/users\/1"}],"replies":[{"embeddable":true,"href":"http:\/\/www.arabic-philosophy.com\/index.php\/wp-json\/wp\/v2\/comments?post=355"}],"version-history":[{"count":23,"href":"http:\/\/www.arabic-philosophy.com\/index.php\/wp-json\/wp\/v2\/pages\/355\/revisions"}],"predecessor-version":[{"id":1225,"href":"http:\/\/www.arabic-philosophy.com\/index.php\/wp-json\/wp\/v2\/pages\/355\/revisions\/1225"}],"up":[{"embeddable":true,"href":"http:\/\/www.arabic-philosophy.com\/index.php\/wp-json\/wp\/v2\/pages\/353"}],"wp:attachment":[{"href":"http:\/\/www.arabic-philosophy.com\/index.php\/wp-json\/wp\/v2\/media?parent=355"}],"curies":[{"name":"wp","href":"https:\/\/api.w.org\/{rel}","templated":true}]}}