{"id":733,"date":"2021-04-28T10:01:10","date_gmt":"2021-04-28T08:01:10","guid":{"rendered":"http:\/\/www.arabic-philosophy.com\/?page_id=733"},"modified":"2024-05-28T14:55:29","modified_gmt":"2024-05-28T12:55:29","slug":"asg-i-proceedings","status":"publish","type":"page","link":"http:\/\/www.arabic-philosophy.com\/index.php\/asg-past\/asg-i\/asg-i-proceedings\/","title":{"rendered":"ASG I: Proceedings"},"content":{"rendered":"\n<div class=\"wp-block-columns is-layout-flex wp-container-core-columns-is-layout-9d6595d7 wp-block-columns-is-layout-flex\">\n<div class=\"wp-block-column is-layout-flow wp-block-column-is-layout-flow\" style=\"flex-basis:66%\">\n<p>The proceedings of the first meeting of the Avicenna Study Group was published on 25 April 2003 under the title <em>Before and After Avicenna: Proceedings of the First Conference of the Avicenna Study Group<\/em> as volume 52 in the series \u201c<a href=\"https:\/\/brill.com\/view\/title\/8216\" target=\"_blank\" rel=\"noreferrer noopener\">Islamic Philosophy, Theology and Science: Texts and Studies<\/a>\u201d (Leiden\/Boston: Brill). The volume was edited by David C. Reisman, in close collaboration with Ahmed al-Rahim, and consisted of an introduction followed by thirteen papers divided intro three categories to a total of 302+xix pages.<\/p>\n\n\n\n<h2 class=\"wp-block-heading\">Official Blurb<\/h2>\n\n\n\n<p>This volume contains the proceedings of the first meeting of the Avicenna Study Group. Each of the papers presents the most recent research conclusions in its respective topic. These conclusions include new insights into Avicenna\u2019s revision of Aristotle and Plotinus, specific areas of his theories of psychology and metaphysics, his intellectual interaction with the theologians of his period, the historical and social context in which Avicenna worked, the reception of his thought among Syriac-writing authors, among later Ishraqi philosophers, and in Shi\u02bfite peripatetic philosophy. These insights range from new interpretations of his extant corpus, to compelling theories on the factors contributing to his philosophical innovations. In many cases, these papers present hitherto unexamined textual evidence that will contribute greatly to a new methodology in Avicenna studies, and Arabic-Islamic philosophy in general.<\/p>\n\n\n\n<h2 class=\"wp-block-heading\">Table of Contents<\/h2>\n\n\n\n<h3 class=\"wp-block-heading\">Before Avicenna<\/h3>\n\n\n\n<p class=\"has-text-align-left\"><strong>Asad Q. Ahmed<\/strong>: \u201cAvicenna\u2019s Treatment of Aristotelian Modals: A Study based on Conversion Rules and the <em>Barbara<\/em> Problematic\u201d (pp. 3\u201324)<br>\n<strong>Amos Bertolacci<\/strong>: \u201cSome Texts of Aristotle\u2019s <em>Metaphysics<\/em> in the <em>Il\u0101h\u012by\u0101t<\/em> of Avicenna\u2019s <em>Kit\u0101b a\u0161-\u0160if\u0101\u02be<\/em>&nbsp;\u201d (pp. 25\u201347)<br>\n<strong>Robert Wisnovsky<\/strong>: \u201cTowards a History of Avicenna\u2019s Distinction between Immanent and Transcendent Causes\u201d (pp. 49\u201368)<br>\n<strong>Rahim Acar<\/strong>: \u201cIntellect versus Active Intellect: Plotinus and Avicenna\u201d (pp. 69\u201387)<\/p>\n\n\n\n<h3 class=\"wp-block-heading\">The Age of Avicenna<\/h3>\n\n\n\n<p><strong>David C. Reisman<\/strong>: \u201cStealing Avicenna\u2019s Books: A Study of the Historical Sources for the Life and Times of Avicenna\u201d (pp. 91\u2013126)<br>\n<strong>Alnoor Dhanani<\/strong>: \u201cRocks in the Heavens?! The Encounter between \u02bfAbd al-\u01e6abb\u0101r and Ibn S\u012bn\u0101\u201d (pp. 127\u2013144)<br>\n<strong>Dimitri Gutas<\/strong>: \u201cMedical Theory and Scientific Method in the Age of Avicenna\u201d (pp. 145\u2013162)<br>\n<strong>Tariq Jaffer<\/strong>: \u201cBodies, Souls and Resurrection in Avicenna\u2019s <em>ar-Ris\u0101la al-A\u1e0d\u1e25aw\u012bya f\u012b amr al-ma\u02bf\u0101d<\/em>\u201d (pp. 163\u2013174)<\/p>\n\n\n\n<h3 class=\"wp-block-heading\">After Avicenna<\/h3>\n\n\n\n<p><strong>Jules Janssens<\/strong>: \u201cBahmany\u0101r ibn Marzub\u0101n: A Faithful Disciple of Ibn Sina?\u201d (pp. 177\u2013197)<br>\n<strong>Toby Mayer<\/strong>: \u201cFa\u1e2br ad-D\u012bn ar-R\u0101z\u012b\u2019s Critique of Ibn S\u012bn\u0101\u2019s Argument for the Unity of God in the <em>I\u0161\u0101r\u0101t<\/em>, and Na\u1e63\u012br ad-D\u012bn a\u1e6d-\u1e6c\u016bs\u012b\u2019s Defence\u201d (pp. 199\u2013218)<br>\n<strong>Ahmed H. Al-Rahim<\/strong>: \u201cThe Twelver-\u0160\u012b\u02bf\u012b Reception of Avicenna in the Mongol Period\u201d (pp. 219\u2013231)<br>\n<strong>Sajjad Rizvi<\/strong>: \u201cProcess Metaphysics in Islam? Avicenna and Mull\u0101 \u0160adr\u0101 on Intensification in Being\u201d (pp. 233\u2013247)<br>\n<strong>Hidemi Takahashi<\/strong>: \u201cThe Reception of Ibn S\u012bn\u0101 in Syriac: The Case of Gregory Barhebraeus\u201d (pp. 249\u2013281)<\/p>\n<\/div>\n\n\n\n<div class=\"wp-block-column is-layout-flow wp-block-column-is-layout-flow\" style=\"flex-basis:33%\"><form role=\"search\" method=\"get\" action=\"http:\/\/www.arabic-philosophy.com\/\" class=\"wp-block-search__button-outside wp-block-search__text-button wp-block-search\"    ><label class=\"wp-block-search__label screen-reader-text\" for=\"wp-block-search__input-1\" >Search<\/label><div class=\"wp-block-search__inside-wrapper\" ><input class=\"wp-block-search__input\" id=\"wp-block-search__input-1\" placeholder=\"\" value=\"\" type=\"search\" name=\"s\" required \/><button aria-label=\"Search\" class=\"wp-block-search__button wp-element-button\" type=\"submit\" >Search<\/button><\/div><\/form>\n\n\n<p><a href=\"http:\/\/www.arabic-philosophy.com\/index.php\/asg-past\/asg-i\/\">ASG I (2001)<\/a> | <a href=\"http:\/\/www.arabic-philosophy.com\/index.php\/asg-past\/asg-i\/programme\/\">Programme<\/a> | <a href=\"http:\/\/www.arabic-philosophy.com\/index.php\/asg-past\/asg-i-proceedings\/\">Proceedings<\/a><\/p>\n\n\n\n<p><a href=\"http:\/\/www.arabic-philosophy.com\/index.php\/asg-past\/asg-ii\/\">ASG II (2002)<\/a> | <a href=\"http:\/\/www.arabic-philosophy.com\/index.php\/asg-past\/asg-ii\/programme\/\">Programme<\/a> | <a href=\"http:\/\/www.arabic-philosophy.com\/index.php\/asg-past\/asg-ii-proceedings\/\">Proceedings<\/a><\/p>\n\n\n\n<p><a href=\"http:\/\/www.arabic-philosophy.com\/index.php\/asg-past\/asg-iii\/\">ASG III (2021)<\/a> | <a href=\"http:\/\/www.arabic-philosophy.com\/index.php\/asg-past\/asg-iii\/programme\/\">Programme<\/a> | <a href=\"http:\/\/www.arabic-philosophy.com\/index.php\/asg-past\/asg-iii-proceedings\/\">Proceedings<\/a><\/p>\n\n\n\n<p><a href=\"http:\/\/www.arabic-philosophy.com\/index.php\/asg-past\/asg-iv\/\">ASG IV (2023)<\/a> | <a href=\"http:\/\/www.arabic-philosophy.com\/index.php\/asg-past\/asg-iv\/programme\/\">Programme<\/a> | Proceedings<\/p>\n<\/div>\n<\/div>\n","protected":false},"excerpt":{"rendered":"<p>The proceedings of the first meeting of the Avicenna Study Group was published on 25 April 2003 under the title Before and After Avicenna: Proceedings of the First Conference of&#8230;<\/p>\n","protected":false},"author":1,"featured_media":0,"parent":347,"menu_order":0,"comment_status":"closed","ping_status":"closed","template":"templates\/full-width.php","meta":{"footnotes":""},"class_list":["post-733","page","type-page","status-publish","hentry","entry"],"_links":{"self":[{"href":"http:\/\/www.arabic-philosophy.com\/index.php\/wp-json\/wp\/v2\/pages\/733","targetHints":{"allow":["GET"]}}],"collection":[{"href":"http:\/\/www.arabic-philosophy.com\/index.php\/wp-json\/wp\/v2\/pages"}],"about":[{"href":"http:\/\/www.arabic-philosophy.com\/index.php\/wp-json\/wp\/v2\/types\/page"}],"author":[{"embeddable":true,"href":"http:\/\/www.arabic-philosophy.com\/index.php\/wp-json\/wp\/v2\/users\/1"}],"replies":[{"embeddable":true,"href":"http:\/\/www.arabic-philosophy.com\/index.php\/wp-json\/wp\/v2\/comments?post=733"}],"version-history":[{"count":24,"href":"http:\/\/www.arabic-philosophy.com\/index.php\/wp-json\/wp\/v2\/pages\/733\/revisions"}],"predecessor-version":[{"id":1223,"href":"http:\/\/www.arabic-philosophy.com\/index.php\/wp-json\/wp\/v2\/pages\/733\/revisions\/1223"}],"up":[{"embeddable":true,"href":"http:\/\/www.arabic-philosophy.com\/index.php\/wp-json\/wp\/v2\/pages\/347"}],"wp:attachment":[{"href":"http:\/\/www.arabic-philosophy.com\/index.php\/wp-json\/wp\/v2\/media?parent=733"}],"curies":[{"name":"wp","href":"https:\/\/api.w.org\/{rel}","templated":true}]}}